{"id":80,"date":"2020-12-15T15:31:37","date_gmt":"2020-12-15T15:31:37","guid":{"rendered":"http:\/\/arcanaxvii.ar\/?post_type=product&#038;p=80"},"modified":"2025-10-29T17:44:50","modified_gmt":"2025-10-29T17:44:50","slug":"caja-tarot-minchiate-etruria","status":"publish","type":"product","link":"https:\/\/arcanaxvii.ar\/index.php\/product\/caja-tarot-minchiate-etruria\/","title":{"rendered":"Caja Tarot Minchiate Etruria"},"content":{"rendered":"<div class=\"gmail_default\">Caracter\u00edsticas<\/div>\n<div class=\"gmail_default\">Largo: 23 cm<br \/>\nAncho: 12 cm<br \/>\nAlto:\u00a0 6,5 cm<\/div>\n<div class=\"gmail_default\"><\/div>\n<div class=\"gmail_default\">\n<p>Caja de Tarot de Minchiate<\/p>\n<div dir=\"ltr\">\n<div class=\"gmail_default\">Crear un espacio sagrado para tus cartas con esta nueva caja incre\u00edble. Conserva tus materiales de adivinaci\u00f3n en una hermosa caja de madera con el arte de las asombrosas cartas del Tarot Minchiate Etruruia de Florencia del siglo XVII. El mazo Minchiate es el arte en s\u00ed mismo, es encantador y est\u00e1 impreso de tal manera que se siente como si hubiera una p\u00e1tina de tiempo y misterio sobre cada carta, haciendo una experiencia m\u00e1s m\u00e1gica. Las im\u00e1genes de las cartas y el alcance de las representaciones parecen extraordinariamente adecuadas para el trabajo espiritual, metaf\u00edsico o de adivinaci\u00f3n y, en muchos sentidos, la minchiate a\u00fan m\u00e1s que el tarot. Hay 97 cartas en total, que consisten en triunfos como el tarot, 22 con la adici\u00f3n de 4 cartas que representan las virtudes teologales, 4 cartas que representan los elementos y las 12 cartas que representan los signos del zod\u00edaco. Son 41 triunfos y 56 cartas numeradas, con las cartas numeradas parecidas al tarot: 4 palos, del as al diez, y luego 4 cartas de la corte.<\/div>\n<div class=\"gmail_default\"><\/div>\n<div class=\"gmail_default\">Disponible con otros arcanos. Si no ves la opci\u00f3n que buscas, env\u00edanos un mensaje directamente y nos ocuparemos de eso por vos.<\/div>\n<\/div>\n<\/div>\n","protected":false},"excerpt":{"rendered":"<div class=\"gmail_default\">Caracter\u00edsticas<\/div>\n<div class=\"gmail_default\">Largo: 23 cm<br \/>\nAncho: 12 cm<br \/>\nAlto:\u00a0 6,5 cm<\/div>\n<div class=\"gmail_default\"><\/div>\n<div class=\"gmail_default\">Caja de Tarot de Minchiate<\/div>\n","protected":false},"featured_media":517,"comment_status":"open","ping_status":"closed","template":"","meta":{"nf_dc_page":"","om_disable_all_campaigns":false,"_monsterinsights_skip_tracking":false,"_monsterinsights_sitenote_active":false,"_monsterinsights_sitenote_note":"","_monsterinsights_sitenote_category":0},"product_brand":[],"product_cat":[32],"product_tag":[26,24,17,21],"class_list":{"0":"post-80","1":"product","2":"type-product","3":"status-publish","4":"has-post-thumbnail","6":"product_cat-accesorios","7":"product_tag-astrologiacaja","8":"product_tag-cajatarot","9":"product_tag-minchiateflorentino","10":"product_tag-minchiatetarot","12":"first","13":"instock","14":"shipping-taxable","15":"purchasable","16":"product-type-simple"},"jetpack_sharing_enabled":true,"_links":{"self":[{"href":"https:\/\/arcanaxvii.ar\/index.php\/wp-json\/wp\/v2\/product\/80","targetHints":{"allow":["GET"]}}],"collection":[{"href":"https:\/\/arcanaxvii.ar\/index.php\/wp-json\/wp\/v2\/product"}],"about":[{"href":"https:\/\/arcanaxvii.ar\/index.php\/wp-json\/wp\/v2\/types\/product"}],"replies":[{"embeddable":true,"href":"https:\/\/arcanaxvii.ar\/index.php\/wp-json\/wp\/v2\/comments?post=80"}],"wp:featuredmedia":[{"embeddable":true,"href":"https:\/\/arcanaxvii.ar\/index.php\/wp-json\/wp\/v2\/media\/517"}],"wp:attachment":[{"href":"https:\/\/arcanaxvii.ar\/index.php\/wp-json\/wp\/v2\/media?parent=80"}],"wp:term":[{"taxonomy":"product_brand","embeddable":true,"href":"https:\/\/arcanaxvii.ar\/index.php\/wp-json\/wp\/v2\/product_brand?post=80"},{"taxonomy":"product_cat","embeddable":true,"href":"https:\/\/arcanaxvii.ar\/index.php\/wp-json\/wp\/v2\/product_cat?post=80"},{"taxonomy":"product_tag","embeddable":true,"href":"https:\/\/arcanaxvii.ar\/index.php\/wp-json\/wp\/v2\/product_tag?post=80"}],"curies":[{"name":"wp","href":"https:\/\/api.w.org\/{rel}","templated":true}]}}