{"id":710,"date":"2023-12-27T17:20:02","date_gmt":"2023-12-27T17:20:02","guid":{"rendered":"http:\/\/arcanaxvii.ar\/?post_type=product&#038;p=710"},"modified":"2023-12-27T17:57:07","modified_gmt":"2023-12-27T17:57:07","slug":"mini-tarocchi-sopraffini","status":"publish","type":"product","link":"https:\/\/arcanaxvii.ar\/index.php\/product\/mini-tarocchi-sopraffini\/","title":{"rendered":"Mini Tarocchi Sopraffini Natural . 1835 . Mil\u00e1n"},"content":{"rendered":"<p><strong>Mini Tarocchi Sopraffini\u00a0 . 1835 . Mil\u00e1n . Lombard\u00eda . Italia<\/strong><\/p>\n<p>Este Tarot milan\u00e9s es la obra maestra de la tradici\u00f3n del Tarot italiano del siglo XIX, una de las joyas de producci\u00f3n europea de Tarots\u00a0 de esa \u00e9poca. Esta baraja de estilo marsell\u00e9s es sublime.<\/p>\n<p>El pr\u00edncipe de los tarots milaneses, la baraja &#8220;Soprafini&#8221; de Carlo Dellarocca. Esta es la edici\u00f3n publicada por Numen.arg en 2023 como parte de la l\u00ednea de facs\u00edmiles hist\u00f3ricos del tarot de Arcana.XVII<\/p>\n<p>Composici\u00f3n<br \/>\n78 cartas con 4 palos italianos con 10 valores y 4 honores, m\u00e1s 21 triunfos m\u00e1s Il Matto<br \/>\nLos valores de palos italianos, son delicadas y refinadas, est\u00e1n muy bien decoradas, con cintas, flores y guirnaldas utilizadas abundantemente, pero con buen gusto; no son esc\u00e9nicas, pero no por ello dejan de ser encantadoras, y su disposici\u00f3n es del mismo estilo que la de las barajas marsellesas. Una vez m\u00e1s, los maravillosos colores hacen de esta baraja un placer para la vista.<br \/>\nLos honores son una delicia, excepcionalmente bellas, todas est\u00e1n llenas de emoci\u00f3n y expresi\u00f3n; se encuentran con tu mirada y te atraen, se ajustan a la tradici\u00f3n, pero tienen m\u00e1s individualidad y personalidad que en la mayor\u00eda de las barajas. Los personajes tienen trajes coloridos y mejillas sonrosadas. Son figuras de cuerpo entero con los t\u00edtulos de las cartas en italiano.<br \/>\nLos triunfos estan identificados con n\u00fameros romanos y con los t\u00edtulos en italiano.<br \/>\nEl reverso presenta un motivo de estrellas rojas.<br \/>\nLas esquinas son cuadradas y con caracter\u00edstico marco de papel original aplicado en los m\u00e1rgenes.<br \/>\nEn el Rey de Bastos figura el sello fiscal del Reino de Lombard\u00eda bajo dominio austriaco, 70 centesimi; debajo, el nombre del grabador &#8220;C. Dellarocca inc.&#8221; y &#8220;Fab.a di Gumppenberg Milano&#8221;. El sello fiscal muestra la corona de acero de Lombard\u00eda y la corona del emperador Francisco I, s\u00edmbolos del Imperio Austriaco, que gobernaba Lombard\u00eda en aquella \u00e9poca. Las iniciales &#8220;F.I.&#8221; corresponden a Francisco I, gobernante austriaco. &#8220;C.70&#8221; son 70 centesimi, la tasa a la que se gravaba la baraja. El sello fiscal fue v\u00e1lido desde el 1 de Noviembre de 1823 hasta el 26 de enero de 1840.<\/p>\n<p>Tama\u00f1o de las cartas 41mm x 72mm<br \/>\nTama\u00f1o de la caja 50mm x 86mm x 25mm<\/p>\n","protected":false},"excerpt":{"rendered":"<p>El pr\u00edncipe de los tarots milaneses, la baraja &#8220;Sopraffini&#8221; de Carlo Dellarocca.<br \/>\nUno de los tarots m\u00e1s bellos del siglo XIX, impreso por Ferdinando Gumppenberg y grabado por Carlo Dellarocca, que dio origen a lo que podr\u00eda llamarse Tarot cl\u00e1sico italiano.<br \/>\nNo fue grabado a partir de planchas de madera como los anteriores sino con placas met\u00e1licas, lo que permit\u00eda mayor detalle y precisi\u00f3n en el dibujo, por lo que fue llamado &#8220;Supraffini&#8221;, superfino en italiano.<\/p>\n","protected":false},"featured_media":727,"comment_status":"open","ping_status":"closed","template":"","meta":{"nf_dc_page":"","om_disable_all_campaigns":false,"_monsterinsights_skip_tracking":false,"_monsterinsights_sitenote_active":false,"_monsterinsights_sitenote_note":"","_monsterinsights_sitenote_category":0},"product_brand":[],"product_cat":[31,15],"product_tag":[88,20,89],"class_list":{"0":"post-710","1":"product","2":"type-product","3":"status-publish","4":"has-post-thumbnail","6":"product_cat-cartas","7":"product_cat-uncategorized","8":"product_tag-minitarot","9":"product_tag-tarot","10":"product_tag-tarotsopraffini","12":"first","13":"instock","14":"shipping-taxable","15":"purchasable","16":"product-type-simple"},"jetpack_sharing_enabled":true,"_links":{"self":[{"href":"https:\/\/arcanaxvii.ar\/index.php\/wp-json\/wp\/v2\/product\/710","targetHints":{"allow":["GET"]}}],"collection":[{"href":"https:\/\/arcanaxvii.ar\/index.php\/wp-json\/wp\/v2\/product"}],"about":[{"href":"https:\/\/arcanaxvii.ar\/index.php\/wp-json\/wp\/v2\/types\/product"}],"replies":[{"embeddable":true,"href":"https:\/\/arcanaxvii.ar\/index.php\/wp-json\/wp\/v2\/comments?post=710"}],"wp:featuredmedia":[{"embeddable":true,"href":"https:\/\/arcanaxvii.ar\/index.php\/wp-json\/wp\/v2\/media\/727"}],"wp:attachment":[{"href":"https:\/\/arcanaxvii.ar\/index.php\/wp-json\/wp\/v2\/media?parent=710"}],"wp:term":[{"taxonomy":"product_brand","embeddable":true,"href":"https:\/\/arcanaxvii.ar\/index.php\/wp-json\/wp\/v2\/product_brand?post=710"},{"taxonomy":"product_cat","embeddable":true,"href":"https:\/\/arcanaxvii.ar\/index.php\/wp-json\/wp\/v2\/product_cat?post=710"},{"taxonomy":"product_tag","embeddable":true,"href":"https:\/\/arcanaxvii.ar\/index.php\/wp-json\/wp\/v2\/product_tag?post=710"}],"curies":[{"name":"wp","href":"https:\/\/api.w.org\/{rel}","templated":true}]}}