{"id":503,"date":"2022-07-12T21:36:56","date_gmt":"2022-07-12T21:36:56","guid":{"rendered":"http:\/\/arcanaxvii.ar\/?post_type=product&#038;p=503"},"modified":"2025-10-29T17:41:34","modified_gmt":"2025-10-29T17:41:34","slug":"mazo-de-tarot-minchiate-etruria-con-bolsa-pano-y-guia-explicativa","status":"publish","type":"product","link":"https:\/\/arcanaxvii.ar\/index.php\/product\/mazo-de-tarot-minchiate-etruria-con-bolsa-pano-y-guia-explicativa\/","title":{"rendered":"Mazo de Tarot Minchiate Etruria con Bolsa-pa\u00f1o y Gu\u00eda explicativa"},"content":{"rendered":"<p>Mazo de Tarot Minchiate Etruria<\/p>\n<p>Reproducci\u00f3n del Tarot Minchiate basada en un mazo creado en Florencia en el siglo XVIII, digitalizado, restaurado y adaptado con fuentes de dominio p\u00fablico.<\/p>\n<p>El mazo Minchiate Etruria Florentino es el arte en s\u00ed mismo, es encantador, fastuoso y est\u00e1 dise\u00f1ado de tal manera que se siente como si hubiera una p\u00e1tina de tiempo y misterio sobre cada carta, haciendo la experiencia m\u00e1s m\u00e1gica. Las im\u00e1genes de las cartas y el alcance de las representaciones parecen extraordinariamente adecuadas para el trabajo espiritual, metaf\u00edsico o de adivinaci\u00f3n. Sus bellas ilustraciones renacentistas se han convertido en un desaf\u00edo para los mejores tarotistas del mundo. Las cartas de Tarot Minchiate ofrecen, tanto a quien las consulta como a quien las lee, una experiencia distinta. Una experiencia donde el misticismo tiene un lugar preponderante, y donde lo m\u00e1s profundo de las sabidur\u00edas cristianas y paganas se conjugan en perfecta armon\u00eda.<br \/>\nLas Minchiate Florentinas son una variaci\u00f3n del juego de Triunfos, las tradicionales cartas del tarot. La baraja consta de 97 cartas: 56 palos italianos (Copas, Oros, Espadas, Bastos) y 41 Triunfos, distinguidos por n\u00fameros romanos. En esencia, adem\u00e1s de los 21 triunfos del Tarot (la Papisa ha sido eliminado), incluyen 12 signos del zod\u00edaco, 4 elementos (tierra, agua, aire y fuego, 3 virtudes teologales (Fe, Esperanza y Caridad) y la Prudencia, que completa la serie de virtudes cardinales. Pero las particularidades de las cartas de tarot Minchiate no acaban all\u00ed, dentro de los valores, los caballeros aparecen representados por centauros o esfinges, conjugando lo humano con lo animal. Los pajes son hombres en los bastos y espadas (fante), y mujeres en los oros y copas (fantina), adelant\u00e1ndose, con insospechada modernidad, a los mazos de tarot actuales, que buscan un mayor equilibrio en la representaci\u00f3n de los sexos.<br \/>\nEl Tarot Minchiate es una poderosa herramienta adivinatoria. Cualquiera que est\u00e9 familiarizado con las versiones cl\u00e1sicas del Tarot podr\u00e1 usar estas cartas casi instant\u00e1neamente. Es considerado por muchos como la herramienta de adivinaci\u00f3n m\u00e1s poderosa, proporcionando una visi\u00f3n\u00a0 profunda y rica en simbolismo antiguo.<br \/>\nLas Minchiate Florentinas son el primer Tarot Astrol\u00f3gico que se ha inventado y por lo tanto son perfectos para aplicar la Astrolog\u00eda a la Cartomancia.<br \/>\nHist\u00f3ricamente importante, simb\u00f3licamente fascinante y decididamente atractiva, Minchiate est\u00e1 disfrutando de su propio renacimiento.<\/p>\n<p>N\u00famero de cartas: 97<\/p>\n<p><span class=\"ui-pdp-color--GRAY ui-pdp-size--SMALL ui-pdp-family--REGULAR ui-pdp-qadb__questions-list__answer-item__answer\">El mazo de excelente calidad impreso offset en\u00a0 ilustraci\u00f3n\/encapada de alto gramaje y laminado opaco en ambas caras lo que las hace f\u00e1cil de mezclar.<\/span><\/p>\n<p>Bolsa-Pa\u00f1o Envolvente, es un dise\u00f1o pr\u00e1ctico\u00a0 con un bolsillo que permite guardar el mazo y\u00a0 la extensi\u00f3n que se despliega para servir como un pa\u00f1o de lectura de hasta cuatro cartas. Reversible.<\/p>\n<p>N\u00famero de cartas: 97<\/p>\n<p>Tama\u00f1o: 58 mm \/ 100 mm,\u00a0 es la medida original de\u00a0 las cartas hist\u00f3ricas<\/p>\n<p>&nbsp;<\/p>\n","protected":false},"excerpt":{"rendered":"<p>Mazo de Tarot Minchiate Etruria con Bolsa-pa\u00f1o y Gu\u00eda explicativa<\/p>\n<p>Reproducci\u00f3n\u00a0 basada en un mazo creado en Florencia en el siglo XVIII, digitalizado, restaurado y adaptado con fuentes de dominio p\u00fablico.<\/p>\n<p><span class=\"ui-pdp-color--GRAY ui-pdp-size--SMALL ui-pdp-family--REGULAR ui-pdp-qadb__questions-list__answer-item__answer\">El mazo de excelente calidad impreso offset en\u00a0 ilustraci\u00f3n\/encapada de alto gramaje y laminado opaco en ambas caras lo que las hace f\u00e1cil de mezclar.<\/span><\/p>\n<p>Bolsa-Pa\u00f1o Envolvente, es un dise\u00f1o pr\u00e1ctico\u00a0 con un bolsillo que permite guardar el mazo y\u00a0 la extensi\u00f3n que se despliega para servir como un pa\u00f1o de lectura de hasta cuatro cartas. Reversible.<\/p>\n<p>N\u00famero de cartas: 97<\/p>\n<p>Tama\u00f1o: 58 mm \/ 100 mm,\u00a0 es la medida original de\u00a0 las cartas hist\u00f3ricas<\/p>\n<p>&nbsp;<\/p>\n","protected":false},"featured_media":509,"comment_status":"open","ping_status":"closed","template":"","meta":{"nf_dc_page":"","om_disable_all_campaigns":false,"_monsterinsights_skip_tracking":false,"_monsterinsights_sitenote_active":false,"_monsterinsights_sitenote_note":"","_monsterinsights_sitenote_category":0},"product_brand":[],"product_cat":[31,15],"product_tag":[77,78,18,21,20,19,25],"class_list":{"0":"post-503","1":"product","2":"type-product","3":"status-publish","4":"has-post-thumbnail","6":"product_cat-cartas","7":"product_cat-uncategorized","8":"product_tag-cartas","9":"product_tag-mazo","10":"product_tag-minchiateetruriaflorentino","11":"product_tag-minchiatetarot","12":"product_tag-tarot","13":"product_tag-tarotantiguominchiate","14":"product_tag-tarotcard","16":"first","17":"onbackorder","18":"featured","19":"shipping-taxable","20":"purchasable","21":"product-type-simple"},"jetpack_sharing_enabled":true,"_links":{"self":[{"href":"https:\/\/arcanaxvii.ar\/index.php\/wp-json\/wp\/v2\/product\/503","targetHints":{"allow":["GET"]}}],"collection":[{"href":"https:\/\/arcanaxvii.ar\/index.php\/wp-json\/wp\/v2\/product"}],"about":[{"href":"https:\/\/arcanaxvii.ar\/index.php\/wp-json\/wp\/v2\/types\/product"}],"replies":[{"embeddable":true,"href":"https:\/\/arcanaxvii.ar\/index.php\/wp-json\/wp\/v2\/comments?post=503"}],"wp:featuredmedia":[{"embeddable":true,"href":"https:\/\/arcanaxvii.ar\/index.php\/wp-json\/wp\/v2\/media\/509"}],"wp:attachment":[{"href":"https:\/\/arcanaxvii.ar\/index.php\/wp-json\/wp\/v2\/media?parent=503"}],"wp:term":[{"taxonomy":"product_brand","embeddable":true,"href":"https:\/\/arcanaxvii.ar\/index.php\/wp-json\/wp\/v2\/product_brand?post=503"},{"taxonomy":"product_cat","embeddable":true,"href":"https:\/\/arcanaxvii.ar\/index.php\/wp-json\/wp\/v2\/product_cat?post=503"},{"taxonomy":"product_tag","embeddable":true,"href":"https:\/\/arcanaxvii.ar\/index.php\/wp-json\/wp\/v2\/product_tag?post=503"}],"curies":[{"name":"wp","href":"https:\/\/api.w.org\/{rel}","templated":true}]}}