{"id":341,"date":"2021-06-24T22:12:25","date_gmt":"2021-06-24T22:12:25","guid":{"rendered":"http:\/\/arcanaxvii.ar\/?post_type=product&#038;p=341"},"modified":"2025-09-29T18:33:40","modified_gmt":"2025-09-29T18:33:40","slug":"cuadro-triunfos-figuras-y-valores-tarot-de-marsella","status":"publish","type":"product","link":"https:\/\/arcanaxvii.ar\/index.php\/product\/cuadro-triunfos-figuras-y-valores-tarot-de-marsella\/","title":{"rendered":"Cuadro &#8220;Triunfos, Figuras y Valores&#8221; -Tarot de Marsella"},"content":{"rendered":"<p>Una excelente manera de sentir las propiedades y los efectos relacionados con la simbolog\u00eda del Tarot. Para familiarizarse con la totalidad del mazo y de absorber su estructura global.<br \/>\nEl Tarot es una imagen en mandala de todo nuestro devenir en el mundo. Nos puede acompa\u00f1ar en la vida como sistema ordenado para la intuici\u00f3n, en los momentos de vigilia, para que nos sirva de recordatorio de nuestra realidad m\u00e1s profunda. Los s\u00edmbolos y los mensajes codificados que albergan sirven para transmitir informaci\u00f3n, para potenciar la energ\u00eda, para ayudar a enfocarse y concentrarse, para entrar en meditaci\u00f3n profunda o simplemente para relajarse y aliviar el estr\u00e9s. Al utilizar la visualizaci\u00f3n o concentraci\u00f3n fomentamos la profundizaci\u00f3n en la meditaci\u00f3n, la orientaci\u00f3n o enfoque de nuestros pensamientos, nuestro equilibrio interior y coherencia, alejando cualquier sentimiento o energ\u00eda negativa, amplificando la energ\u00eda positiva, el agradecimiento y la sanaci\u00f3n.<\/p>\n","protected":false},"excerpt":{"rendered":"<p>Madera natural de \u00c1lamo<br \/>\nMarco caj\u00f3n<br \/>\nVidrio de 3mm<br \/>\nDoble mano de sellador opaco de terminaci\u00f3n y protecci\u00f3n.<br \/>\nMedidas: 44 x 32 x 4 cms<\/p>\n","protected":false},"featured_media":342,"comment_status":"open","ping_status":"closed","template":"","meta":{"nf_dc_page":"","om_disable_all_campaigns":false,"_monsterinsights_skip_tracking":false,"_monsterinsights_sitenote_active":false,"_monsterinsights_sitenote_note":"","_monsterinsights_sitenote_category":0},"product_brand":[],"product_cat":[32,72,15],"product_tag":[70,71,69,20,27],"class_list":{"0":"post-341","1":"product","2":"type-product","3":"status-publish","4":"has-post-thumbnail","6":"product_cat-accesorios","7":"product_cat-cuadros","8":"product_cat-uncategorized","9":"product_tag-cuadro","10":"product_tag-mandala","11":"product_tag-marsella","12":"product_tag-tarot","13":"product_tag-tarotdemarsella","15":"first","16":"outofstock","17":"shipping-taxable","18":"purchasable","19":"product-type-simple"},"jetpack_sharing_enabled":true,"_links":{"self":[{"href":"https:\/\/arcanaxvii.ar\/index.php\/wp-json\/wp\/v2\/product\/341","targetHints":{"allow":["GET"]}}],"collection":[{"href":"https:\/\/arcanaxvii.ar\/index.php\/wp-json\/wp\/v2\/product"}],"about":[{"href":"https:\/\/arcanaxvii.ar\/index.php\/wp-json\/wp\/v2\/types\/product"}],"replies":[{"embeddable":true,"href":"https:\/\/arcanaxvii.ar\/index.php\/wp-json\/wp\/v2\/comments?post=341"}],"wp:featuredmedia":[{"embeddable":true,"href":"https:\/\/arcanaxvii.ar\/index.php\/wp-json\/wp\/v2\/media\/342"}],"wp:attachment":[{"href":"https:\/\/arcanaxvii.ar\/index.php\/wp-json\/wp\/v2\/media?parent=341"}],"wp:term":[{"taxonomy":"product_brand","embeddable":true,"href":"https:\/\/arcanaxvii.ar\/index.php\/wp-json\/wp\/v2\/product_brand?post=341"},{"taxonomy":"product_cat","embeddable":true,"href":"https:\/\/arcanaxvii.ar\/index.php\/wp-json\/wp\/v2\/product_cat?post=341"},{"taxonomy":"product_tag","embeddable":true,"href":"https:\/\/arcanaxvii.ar\/index.php\/wp-json\/wp\/v2\/product_tag?post=341"}],"curies":[{"name":"wp","href":"https:\/\/api.w.org\/{rel}","templated":true}]}}