{"id":286,"date":"2021-03-09T01:53:00","date_gmt":"2021-03-09T01:53:00","guid":{"rendered":"http:\/\/arcanaxvii.ar\/?post_type=product&#038;p=286"},"modified":"2023-11-20T14:31:13","modified_gmt":"2023-11-20T14:31:13","slug":"dije-talisman-rueda-astrologica-y-tarot-marsella-el-mundo","status":"publish","type":"product","link":"https:\/\/arcanaxvii.ar\/index.php\/product\/dije-talisman-rueda-astrologica-y-tarot-marsella-el-mundo\/","title":{"rendered":"Dije Talism\u00e1n Rueda Astrol\u00f3gica Y Tarot Marsella &#8211; El Mundo"},"content":{"rendered":"<p>Dije doble faz Rueda Astrol\u00f3gica y con la carta de El Mundo del Tarot Marsella. Se puede observar el anverso y el reverso en las 2 im\u00e1genes presentadas.<\/p>\n<p>Material: Plateado<br \/>\nDi\u00e1metro: 30 mm<br \/>\nLargo: 30 mm<br \/>\nAltura: 30 mm<\/p>\n","protected":false},"excerpt":{"rendered":"<p>Dije doble faz Rueda Astrol\u00f3gica y con la carta de El Mundo del Tarot Marsella. Se puede observar el anverso y el reverso en las 2 im\u00e1genes presentadas. Material: Plateado Di\u00e1metro: 30 mm Largo: 30 mm Altura: 30 mm<\/p>\n","protected":false},"featured_media":287,"comment_status":"open","ping_status":"closed","template":"","meta":{"nf_dc_page":"","om_disable_all_campaigns":false,"_monsterinsights_skip_tracking":false,"_monsterinsights_sitenote_active":false,"_monsterinsights_sitenote_note":"","_monsterinsights_sitenote_category":0},"product_brand":[],"product_cat":[32],"product_tag":[],"class_list":{"0":"post-286","1":"product","2":"type-product","3":"status-publish","4":"has-post-thumbnail","6":"product_cat-accesorios","8":"first","9":"instock","10":"shipping-taxable","11":"purchasable","12":"product-type-simple"},"jetpack_sharing_enabled":true,"_links":{"self":[{"href":"https:\/\/arcanaxvii.ar\/index.php\/wp-json\/wp\/v2\/product\/286","targetHints":{"allow":["GET"]}}],"collection":[{"href":"https:\/\/arcanaxvii.ar\/index.php\/wp-json\/wp\/v2\/product"}],"about":[{"href":"https:\/\/arcanaxvii.ar\/index.php\/wp-json\/wp\/v2\/types\/product"}],"replies":[{"embeddable":true,"href":"https:\/\/arcanaxvii.ar\/index.php\/wp-json\/wp\/v2\/comments?post=286"}],"wp:featuredmedia":[{"embeddable":true,"href":"https:\/\/arcanaxvii.ar\/index.php\/wp-json\/wp\/v2\/media\/287"}],"wp:attachment":[{"href":"https:\/\/arcanaxvii.ar\/index.php\/wp-json\/wp\/v2\/media?parent=286"}],"wp:term":[{"taxonomy":"product_brand","embeddable":true,"href":"https:\/\/arcanaxvii.ar\/index.php\/wp-json\/wp\/v2\/product_brand?post=286"},{"taxonomy":"product_cat","embeddable":true,"href":"https:\/\/arcanaxvii.ar\/index.php\/wp-json\/wp\/v2\/product_cat?post=286"},{"taxonomy":"product_tag","embeddable":true,"href":"https:\/\/arcanaxvii.ar\/index.php\/wp-json\/wp\/v2\/product_tag?post=286"}],"curies":[{"name":"wp","href":"https:\/\/api.w.org\/{rel}","templated":true}]}}