{"id":872,"date":"2025-06-25T21:01:41","date_gmt":"2025-06-25T21:01:41","guid":{"rendered":"https:\/\/arcanaxvii.ar\/?page_id=872"},"modified":"2026-01-12T17:00:28","modified_gmt":"2026-01-12T17:00:28","slug":"nagapasa","status":"publish","type":"page","link":"https:\/\/arcanaxvii.ar\/index.php\/nagapasa\/","title":{"rendered":"Nagapasa"},"content":{"rendered":"\n<blockquote class=\"wp-block-quote nfd-wb-animate nfd-wb-zoom-in nfd-delay-150 is-layout-flow wp-block-quote-is-layout-flow\">\n<p class=\"\">\u092f\u0939 \u092e\u092e\u093e\u0924\u094d\u0930 \u090f\u0915 \u0916\u0916\u0947\u0932 \u0928\u0939\u0939 \u0939 \u0939\u0939 <\/p>\n\n\n\n<p class=\"\">No es solo un juego <\/p>\n\n\n\n<p class=\"\">Inscripci\u00f3n en una gr\u00e1fica Jaina Gy\u0101n Caupa\u1e5b<\/p>\n<\/blockquote>\n\n\n\n<figure class=\"is-style-rounded wp-block-image size-large has-custom-border wp-duotone-unset-1\" style=\"margin-right:0;margin-left:0\"><img loading=\"lazy\" decoding=\"async\" width=\"1724\" height=\"583\" src=\"https:\/\/i0.wp.com\/arcanaxvii.ar\/wp-content\/uploads\/2025\/07\/Panel-Superior-Nagapasa-v4.png?fit=980%2C331&amp;ssl=1\" alt=\"\" class=\"wp-image-893\" style=\"border-width:7px;border-radius:32px\" srcset=\"https:\/\/i0.wp.com\/arcanaxvii.ar\/wp-content\/uploads\/2025\/07\/Panel-Superior-Nagapasa-v4.png?w=1724&amp;ssl=1 1724w, https:\/\/i0.wp.com\/arcanaxvii.ar\/wp-content\/uploads\/2025\/07\/Panel-Superior-Nagapasa-v4.png?resize=300%2C101&amp;ssl=1 300w, https:\/\/i0.wp.com\/arcanaxvii.ar\/wp-content\/uploads\/2025\/07\/Panel-Superior-Nagapasa-v4.png?resize=1024%2C346&amp;ssl=1 1024w, https:\/\/i0.wp.com\/arcanaxvii.ar\/wp-content\/uploads\/2025\/07\/Panel-Superior-Nagapasa-v4.png?resize=768%2C260&amp;ssl=1 768w, https:\/\/i0.wp.com\/arcanaxvii.ar\/wp-content\/uploads\/2025\/07\/Panel-Superior-Nagapasa-v4.png?resize=1536%2C519&amp;ssl=1 1536w, https:\/\/i0.wp.com\/arcanaxvii.ar\/wp-content\/uploads\/2025\/07\/Panel-Superior-Nagapasa-v4.png?resize=416%2C141&amp;ssl=1 416w\" sizes=\"auto, (max-width: 980px) 100vw, 980px\" \/><\/figure>\n\n\n\n<p class=\"\"><br><\/p>\n\n\n\n<figure class=\"wp-block-pullquote\"><blockquote><p><br><strong>Es el juego del Brahman sin nombre. Si uno juega a este juego, extingue su ira y deja de vagar por la existencia; uno se llena de alegr\u00eda de coraz\u00f3n. El juego del conocimiento reduce el pecado, disipa la ilusi\u00f3n y aumenta el conocimiento.<\/strong><\/p><cite><br>versos a\u00f1adidos fuera de la cuadr\u00edcula principal de juego<\/cite><\/blockquote><\/figure>\n","protected":false},"excerpt":{"rendered":"<p>\u092f\u0939 \u092e\u092e\u093e\u0924\u094d\u0930 \u090f\u0915 \u0916\u0916\u0947\u0932 \u0928\u0939\u0939 \u0939 \u0939\u0939 No es solo un juego Inscripci\u00f3n en una gr\u00e1fica Jaina Gy\u0101n Caupa\u1e5b Es el juego del Brahman sin nombre. Si uno juega a este juego, extingue su ira y deja de vagar por la existencia; uno se llena de alegr\u00eda de coraz\u00f3n. El juego del conocimiento reduce el [&hellip;]<\/p>\n","protected":false},"author":1,"featured_media":0,"parent":0,"menu_order":0,"comment_status":"closed","ping_status":"closed","template":"","meta":{"nf_dc_page":"","om_disable_all_campaigns":false,"_monsterinsights_skip_tracking":false,"_monsterinsights_sitenote_active":false,"_monsterinsights_sitenote_note":"","_monsterinsights_sitenote_category":0,"footnotes":""},"class_list":["post-872","page","type-page","status-publish","hentry"],"jetpack_sharing_enabled":true,"jetpack_shortlink":"https:\/\/wp.me\/PcCqhD-e4","_links":{"self":[{"href":"https:\/\/arcanaxvii.ar\/index.php\/wp-json\/wp\/v2\/pages\/872","targetHints":{"allow":["GET"]}}],"collection":[{"href":"https:\/\/arcanaxvii.ar\/index.php\/wp-json\/wp\/v2\/pages"}],"about":[{"href":"https:\/\/arcanaxvii.ar\/index.php\/wp-json\/wp\/v2\/types\/page"}],"author":[{"embeddable":true,"href":"https:\/\/arcanaxvii.ar\/index.php\/wp-json\/wp\/v2\/users\/1"}],"replies":[{"embeddable":true,"href":"https:\/\/arcanaxvii.ar\/index.php\/wp-json\/wp\/v2\/comments?post=872"}],"version-history":[{"count":5,"href":"https:\/\/arcanaxvii.ar\/index.php\/wp-json\/wp\/v2\/pages\/872\/revisions"}],"predecessor-version":[{"id":1039,"href":"https:\/\/arcanaxvii.ar\/index.php\/wp-json\/wp\/v2\/pages\/872\/revisions\/1039"}],"wp:attachment":[{"href":"https:\/\/arcanaxvii.ar\/index.php\/wp-json\/wp\/v2\/media?parent=872"}],"curies":[{"name":"wp","href":"https:\/\/api.w.org\/{rel}","templated":true}]}}